{"id":54,"date":"2020-01-27T20:51:59","date_gmt":"2020-01-27T20:51:59","guid":{"rendered":"https:\/\/sr-raumgestaltung.de\/wordpress\/?page_id=54"},"modified":"2022-10-21T10:29:32","modified_gmt":"2022-10-21T10:29:32","slug":"startseite","status":"publish","type":"page","link":"https:\/\/sr-raumgestaltung.de\/wordpress\/","title":{"rendered":"STARTSEITE"},"content":{"rendered":"<p>&nbsp;<\/p>\n<h2><span style=\"color: #1187db;\"><strong><a href=\"https:\/\/sr-raumgestaltung.de\/wordpress\/stellenangebote\/\"><img loading=\"lazy\" class=\"alignright wp-image-356 size-full\" src=\"https:\/\/sr-raumgestaltung.de\/wordpress\/wp-content\/uploads\/2020\/05\/SR-Raumgestaltung-Team-1-klb.jpg\" alt=\"S&amp;R Raumgestaltung, Raumausstatter M\u00fchlheim\" width=\"510\" height=\"385\" srcset=\"https:\/\/sr-raumgestaltung.de\/wordpress\/wp-content\/uploads\/2020\/05\/SR-Raumgestaltung-Team-1-klb.jpg 510w, https:\/\/sr-raumgestaltung.de\/wordpress\/wp-content\/uploads\/2020\/05\/SR-Raumgestaltung-Team-1-klb-300x226.jpg 300w\" sizes=\"(max-width: 510px) 100vw, 510px\" \/><\/a>Ihre Zufriedenheit ist uns eine Herzensangelegenheit.<\/strong><\/span><\/h2>\n<p><a href=\"https:\/\/sr-raumgestaltung.de\/wordpress\/ueber-uns\/\"><span style=\"color: #1187db;\"><strong>S&amp;R Raumgestaltung<\/strong><\/span><\/a> in M\u00fchlheim \/ L\u00e4mmerspiel ist ihr kompetenter Ansprechpartner f\u00fcr Raumausstattung,\u00a0 Objektausstattung, Komplettsanierung, Trockenbau und\u00a0 Bodenbelag in Frankfurt, Hanau, Offenbach, Rodgau, Darmstadt, Neu-Isenburg und dem Rhein-Main-Gebiet.<\/p>\n<p>Auf unserer Webseite geben wir Ihnen einen \u00dcberblick \u00fcber unsere Leistungen und Angebote. <a href=\"https:\/\/sr-raumgestaltung.de\/wordpress\/leistungen\/\"><span style=\"color: #1187db;\"><strong>Pers\u00f6nliche Beratung<\/strong><\/span><\/a> ist uns besonders wichtig, um eine sch\u00f6ne und optimale L\u00f6sung f\u00fcr Ihre R\u00e4ume zu erzielen. Ob <span style=\"color: #1187db;\"><strong>Privatkunde oder Gewerbeobjekt<\/strong><\/span>, wir beraten Sie gerne vor Ort um Ihren Anspr\u00fcchen gerecht zu werden. Raumgestaltung &amp; Sanierung bekommen Sie bei uns aus einer Hand, das macht das Projekt f\u00fcr sie \u00fcberschaubar.<\/p>\n<p>Wir verf\u00fcgen \u00fcber <span style=\"color: #1187db;\"><strong>kompetente Kooperationspartner<\/strong><\/span> aus allen Gewerben (Meisterbetriebe f\u00fcr Elektroinstallation, Gas, Wasser und Heizung).<\/p>\n<p><span style=\"color: #1187db;\"><strong>S&amp;R Raumgestaltung<\/strong><\/span> realisiert mit 30-j\u00e4hriger Erfahrung ihre Wohnideen und Gestaltungsw\u00fcnsche mit Kompetenz und Liebe zum Detail.<\/p>\n<p><span style=\"color: #1187db;\"><strong><span style=\"color: #a30d85;\">\u2022<\/span> Sanierungen\u00a0 <span style=\"color: #a30d85;\">\u2022<\/span> Baderneuerung <span style=\"color: #a30d85;\">\u2022<\/span> K\u00fcchensanierung <span style=\"color: #a30d85;\">\u2022<\/span> Trockenbau\u00a0<span style=\"color: #bd0404;\">\u2022<\/span> Verputzen <span style=\"color: #a30d85;\">\u2022<\/span> Boden verlegen <span style=\"color: #a30d85;\">\u2022<\/span> Flie\u00dfenarbeiten\u00a0<\/strong><\/span><\/p>\n","protected":false},"excerpt":{"rendered":"<p>&nbsp; Ihre Zufriedenheit ist uns eine Herzensangelegenheit. S&amp;R Raumgestaltung in M\u00fchlheim \/ L\u00e4mmerspiel ist ihr kompetenter Ansprechpartner f\u00fcr Raumausstattung,\u00a0 Objektausstattung, Komplettsanierung, Trockenbau und\u00a0 Bodenbelag in Frankfurt, Hanau, Offenbach, Rodgau, Darmstadt, Neu-Isenburg und dem Rhein-Main-Gebiet. Auf unserer Webseite geben wir Ihnen<\/p>\n","protected":false},"author":1,"featured_media":0,"parent":0,"menu_order":0,"comment_status":"closed","ping_status":"closed","template":"","meta":[],"yoast_head":"<!-- This site is optimized with the Yoast SEO plugin v19.9 - https:\/\/yoast.com\/wordpress\/plugins\/seo\/ -->\n<title>S&amp;R Raumgestaltung, Raumausstattung, Sanierung in Rhein-Main<\/title>\n<meta name=\"description\" content=\"S&amp;R Raumgestaltung ist ihr Ansprechpartner f\u00fcr Raumausstattung, Objektausstattung, Sanierung, Bodenbelag, Frankfurt, Rodgau, Rhein-Main, Gewerbe &amp; Privat\" \/>\n<meta name=\"robots\" content=\"index, follow, max-snippet:-1, max-image-preview:large, max-video-preview:-1\" \/>\n<link rel=\"canonical\" href=\"https:\/\/sr-raumgestaltung.de\/wordpress\/\" \/>\n<meta property=\"og:locale\" content=\"de_DE\" \/>\n<meta property=\"og:type\" content=\"article\" \/>\n<meta property=\"og:title\" content=\"S&amp;R Raumgestaltung, Raumausstattung, Sanierung in Rhein-Main\" \/>\n<meta property=\"og:description\" content=\"S&amp;R Raumgestaltung ist ihr Ansprechpartner f\u00fcr Raumausstattung, Objektausstattung, Sanierung, Bodenbelag, Frankfurt, Rodgau, Rhein-Main, Gewerbe &amp; Privat\" \/>\n<meta property=\"og:url\" content=\"https:\/\/sr-raumgestaltung.de\/wordpress\/\" \/>\n<meta property=\"og:site_name\" content=\"S&amp;R Raumgestaltung, Sabina Wetzel, L\u00e4mmerspiel\" \/>\n<meta property=\"article:modified_time\" content=\"2022-10-21T10:29:32+00:00\" \/>\n<meta property=\"og:image\" content=\"https:\/\/sr-raumgestaltung.de\/wordpress\/wp-content\/uploads\/2020\/05\/SR-Raumgestaltung-Team-1-klb.jpg\" \/>\n<meta name=\"twitter:card\" content=\"summary_large_image\" \/>\n<meta name=\"twitter:label1\" content=\"Gesch\u00e4tzte Lesezeit\" \/>\n\t<meta name=\"twitter:data1\" content=\"1\u00a0Minute\" \/>\n<script type=\"application\/ld+json\" class=\"yoast-schema-graph\">{\"@context\":\"https:\/\/schema.org\",\"@graph\":[{\"@type\":\"WebPage\",\"@id\":\"https:\/\/sr-raumgestaltung.de\/wordpress\/\",\"url\":\"https:\/\/sr-raumgestaltung.de\/wordpress\/\",\"name\":\"S&R Raumgestaltung, Raumausstattung, Sanierung in Rhein-Main\",\"isPartOf\":{\"@id\":\"https:\/\/sr-raumgestaltung.de\/wordpress\/#website\"},\"datePublished\":\"2020-01-27T20:51:59+00:00\",\"dateModified\":\"2022-10-21T10:29:32+00:00\",\"description\":\"S&R Raumgestaltung ist ihr Ansprechpartner f\u00fcr Raumausstattung, Objektausstattung, Sanierung, Bodenbelag, Frankfurt, Rodgau, Rhein-Main, Gewerbe & Privat\",\"breadcrumb\":{\"@id\":\"https:\/\/sr-raumgestaltung.de\/wordpress\/#breadcrumb\"},\"inLanguage\":\"de\",\"potentialAction\":[{\"@type\":\"ReadAction\",\"target\":[\"https:\/\/sr-raumgestaltung.de\/wordpress\/\"]}]},{\"@type\":\"BreadcrumbList\",\"@id\":\"https:\/\/sr-raumgestaltung.de\/wordpress\/#breadcrumb\",\"itemListElement\":[{\"@type\":\"ListItem\",\"position\":1,\"name\":\"Startseite\",\"item\":\"https:\/\/sr-raumgestaltung.de\/wordpress\/\"},{\"@type\":\"ListItem\",\"position\":2,\"name\":\"STARTSEITE\"}]},{\"@type\":\"WebSite\",\"@id\":\"https:\/\/sr-raumgestaltung.de\/wordpress\/#website\",\"url\":\"https:\/\/sr-raumgestaltung.de\/wordpress\/\",\"name\":\"S&amp;R Raumgestaltung, Sabina Wetzel, L\u00e4mmerspiel\",\"description\":\"S&amp;R Raumgestaltung, Raumgestaltung und Bodenbel\u00e4ge aller Art, L\u00e4mmerspiel, Offenbach, Frankfurt\",\"potentialAction\":[{\"@type\":\"SearchAction\",\"target\":{\"@type\":\"EntryPoint\",\"urlTemplate\":\"https:\/\/sr-raumgestaltung.de\/wordpress\/?s={search_term_string}\"},\"query-input\":\"required name=search_term_string\"}],\"inLanguage\":\"de\"}]}<\/script>\n<!-- \/ Yoast SEO plugin. -->","yoast_head_json":{"title":"S&R Raumgestaltung, Raumausstattung, Sanierung in Rhein-Main","description":"S&R Raumgestaltung ist ihr Ansprechpartner f\u00fcr Raumausstattung, Objektausstattung, Sanierung, Bodenbelag, Frankfurt, Rodgau, Rhein-Main, Gewerbe & Privat","robots":{"index":"index","follow":"follow","max-snippet":"max-snippet:-1","max-image-preview":"max-image-preview:large","max-video-preview":"max-video-preview:-1"},"canonical":"https:\/\/sr-raumgestaltung.de\/wordpress\/","og_locale":"de_DE","og_type":"article","og_title":"S&R Raumgestaltung, Raumausstattung, Sanierung in Rhein-Main","og_description":"S&R Raumgestaltung ist ihr Ansprechpartner f\u00fcr Raumausstattung, Objektausstattung, Sanierung, Bodenbelag, Frankfurt, Rodgau, Rhein-Main, Gewerbe & Privat","og_url":"https:\/\/sr-raumgestaltung.de\/wordpress\/","og_site_name":"S&amp;R Raumgestaltung, Sabina Wetzel, L\u00e4mmerspiel","article_modified_time":"2022-10-21T10:29:32+00:00","og_image":[{"url":"https:\/\/sr-raumgestaltung.de\/wordpress\/wp-content\/uploads\/2020\/05\/SR-Raumgestaltung-Team-1-klb.jpg"}],"twitter_card":"summary_large_image","twitter_misc":{"Gesch\u00e4tzte Lesezeit":"1\u00a0Minute"},"schema":{"@context":"https:\/\/schema.org","@graph":[{"@type":"WebPage","@id":"https:\/\/sr-raumgestaltung.de\/wordpress\/","url":"https:\/\/sr-raumgestaltung.de\/wordpress\/","name":"S&R Raumgestaltung, Raumausstattung, Sanierung in Rhein-Main","isPartOf":{"@id":"https:\/\/sr-raumgestaltung.de\/wordpress\/#website"},"datePublished":"2020-01-27T20:51:59+00:00","dateModified":"2022-10-21T10:29:32+00:00","description":"S&R Raumgestaltung ist ihr Ansprechpartner f\u00fcr Raumausstattung, Objektausstattung, Sanierung, Bodenbelag, Frankfurt, Rodgau, Rhein-Main, Gewerbe & Privat","breadcrumb":{"@id":"https:\/\/sr-raumgestaltung.de\/wordpress\/#breadcrumb"},"inLanguage":"de","potentialAction":[{"@type":"ReadAction","target":["https:\/\/sr-raumgestaltung.de\/wordpress\/"]}]},{"@type":"BreadcrumbList","@id":"https:\/\/sr-raumgestaltung.de\/wordpress\/#breadcrumb","itemListElement":[{"@type":"ListItem","position":1,"name":"Startseite","item":"https:\/\/sr-raumgestaltung.de\/wordpress\/"},{"@type":"ListItem","position":2,"name":"STARTSEITE"}]},{"@type":"WebSite","@id":"https:\/\/sr-raumgestaltung.de\/wordpress\/#website","url":"https:\/\/sr-raumgestaltung.de\/wordpress\/","name":"S&amp;R Raumgestaltung, Sabina Wetzel, L\u00e4mmerspiel","description":"S&amp;R Raumgestaltung, Raumgestaltung und Bodenbel\u00e4ge aller Art, L\u00e4mmerspiel, Offenbach, Frankfurt","potentialAction":[{"@type":"SearchAction","target":{"@type":"EntryPoint","urlTemplate":"https:\/\/sr-raumgestaltung.de\/wordpress\/?s={search_term_string}"},"query-input":"required name=search_term_string"}],"inLanguage":"de"}]}},"_links":{"self":[{"href":"https:\/\/sr-raumgestaltung.de\/wordpress\/wp-json\/wp\/v2\/pages\/54"}],"collection":[{"href":"https:\/\/sr-raumgestaltung.de\/wordpress\/wp-json\/wp\/v2\/pages"}],"about":[{"href":"https:\/\/sr-raumgestaltung.de\/wordpress\/wp-json\/wp\/v2\/types\/page"}],"author":[{"embeddable":true,"href":"https:\/\/sr-raumgestaltung.de\/wordpress\/wp-json\/wp\/v2\/users\/1"}],"replies":[{"embeddable":true,"href":"https:\/\/sr-raumgestaltung.de\/wordpress\/wp-json\/wp\/v2\/comments?post=54"}],"version-history":[{"count":48,"href":"https:\/\/sr-raumgestaltung.de\/wordpress\/wp-json\/wp\/v2\/pages\/54\/revisions"}],"predecessor-version":[{"id":392,"href":"https:\/\/sr-raumgestaltung.de\/wordpress\/wp-json\/wp\/v2\/pages\/54\/revisions\/392"}],"wp:attachment":[{"href":"https:\/\/sr-raumgestaltung.de\/wordpress\/wp-json\/wp\/v2\/media?parent=54"}],"curies":[{"name":"wp","href":"https:\/\/api.w.org\/{rel}","templated":true}]}}